{"id":222348,"date":"2023-12-08T15:58:33","date_gmt":"2023-12-08T15:58:33","guid":{"rendered":"https:\/\/mysacredyonimassage.com\/product\/kurs-heilige-yoni-massage-englisch\/"},"modified":"2024-02-08T13:42:54","modified_gmt":"2024-02-08T13:42:54","slug":"kurs-heilige-yoni-massage-englisch","status":"publish","type":"product","link":"https:\/\/mysacredyonimassage.com\/de\/produkt\/kurs-heilige-yoni-massage-englisch\/","title":{"rendered":"Kurs Heilige Yoni-Massage (Englisch)"},"content":{"rendered":"<h3>KURS-INFO<\/h3>\n<p>Willkommen zum Sacred Yoni Massage Kurs! In diesem Kurs werden Sie Folgendes lernen:<\/p>\n<ul class=\"checklist\">\n<li>Lebenslanger Zugriff auf den Videokurs mit \u00fcber 3 Stunden Schritt-f\u00fcr-Schritt-Anleitung und Demonstrationen mit einem Live-Tantramodell, damit du genau siehst, wie es gemacht wird.<\/li>\n<li>Leicht verst\u00e4ndliche Videos, die Sie bequem von zu Hause aus ansehen k\u00f6nnen.<\/li>\n<li>Alle Vortr\u00e4ge und die Checkliste f\u00fcr die Heilige Yoni-Massage k\u00f6nnen als pdf-Dateien heruntergeladen werden. Drucken Sie es aus, damit Sie keinen Schritt vergessen!<\/li>\n<li>Gehen Sie noch TIEFER mit gef\u00fchrten \u00dcbungen, die Sie allein oder mit einem Partner durchf\u00fchren k\u00f6nnen, um mehr Verbindung und Spa\u00df beim gegenseitigen Erforschen zu erreichen.<\/li>\n<li>Eine geheime Facebook-Gruppe, in der Sie mich und andere um Unterst\u00fctzung bitten k\u00f6nnen. Sie werden sich nicht wie der Einzige f\u00fchlen, der diese Frage stellt oder etwas Neues ausprobiert!<\/li>\n<li>Lernen Sie in Ihrem eigenen Tempo in Ihrem eigenen Zuhause und haben Sie ein sch\u00f6nes, saftiges Date mit sich selbst oder Ihrem Partner, um die Lehren durchzugehen.<\/li>\n<li>Meine pers\u00f6nliche Liste von Musik f\u00fcr eine Heilige Yoni-Massage, die Sie sowohl entspannen als auch in Stimmung bringen wird.<\/li>\n<li>Meine Geld-zur\u00fcck-Garantie &#8211; Ich glaube an diesen Kurs und seine F\u00e4higkeit, Sie zu heilen und Ihnen zu helfen, Ihr sexuelles Potenzial zu erreichen. Wenn Sie den gesamten Kurs absolviert haben und das ehrliche Gef\u00fchl haben, dass Sie keinen Nutzen aus der Erfahrung gezogen haben, senden Sie uns bitte innerhalb von 30 Tagen nach dem Kauf eine E-Mail mit Ihrem Feedback, damit wir Ihnen den vollen Betrag zur\u00fcckerstatten k\u00f6nnen.<\/li>\n<\/ul>\n","protected":false},"excerpt":{"rendered":"<p>KURS-INFO Willkommen zum Sacred Yoni Massage Kurs! In diesem Kurs werden Sie Folgendes lernen: Lebenslanger Zugriff auf den Videokurs mit \u00fcber 3 Stunden Schritt-f\u00fcr-Schritt-Anleitung und Demonstrationen mit einem Live-Tantramodell, damit du genau siehst, wie es gemacht wird. Leicht verst\u00e4ndliche Videos, die Sie bequem von zu Hause aus ansehen k\u00f6nnen. Alle Vortr\u00e4ge und die Checkliste f\u00fcr [&hellip;]<\/p>\n","protected":false},"featured_media":222200,"template":"","meta":{"site-sidebar-layout":"default","site-content-layout":"","ast-site-content-layout":"default","site-content-style":"default","site-sidebar-style":"default","ast-global-header-display":"","ast-banner-title-visibility":"","ast-main-header-display":"","ast-hfb-above-header-display":"","ast-hfb-below-header-display":"","ast-hfb-mobile-header-display":"","site-post-title":"","ast-breadcrumbs-content":"","ast-featured-img":"","footer-sml-layout":"","ast-disable-related-posts":"","theme-transparent-header-meta":"default","adv-header-id-meta":"","stick-header-meta":"","header-above-stick-meta":"","header-main-stick-meta":"","header-below-stick-meta":"","astra-migrate-meta-layouts":"default","ast-page-background-enabled":"default","ast-page-background-meta":{"desktop":{"background-color":"var(--ast-global-color-4)","background-image":"","background-repeat":"repeat","background-position":"center center","background-size":"auto","background-attachment":"scroll","background-type":"","background-media":"","overlay-type":"","overlay-color":"","overlay-opacity":"","overlay-gradient":""},"tablet":{"background-color":"","background-image":"","background-repeat":"repeat","background-position":"center center","background-size":"auto","background-attachment":"scroll","background-type":"","background-media":"","overlay-type":"","overlay-color":"","overlay-opacity":"","overlay-gradient":""},"mobile":{"background-color":"","background-image":"","background-repeat":"repeat","background-position":"center center","background-size":"auto","background-attachment":"scroll","background-type":"","background-media":"","overlay-type":"","overlay-color":"","overlay-opacity":"","overlay-gradient":""}},"ast-content-background-meta":{"desktop":{"background-color":"var(--ast-global-color-5)","background-image":"","background-repeat":"repeat","background-position":"center center","background-size":"auto","background-attachment":"scroll","background-type":"","background-media":"","overlay-type":"","overlay-color":"","overlay-opacity":"","overlay-gradient":""},"tablet":{"background-color":"var(--ast-global-color-5)","background-image":"","background-repeat":"repeat","background-position":"center center","background-size":"auto","background-attachment":"scroll","background-type":"","background-media":"","overlay-type":"","overlay-color":"","overlay-opacity":"","overlay-gradient":""},"mobile":{"background-color":"var(--ast-global-color-5)","background-image":"","background-repeat":"repeat","background-position":"center center","background-size":"auto","background-attachment":"scroll","background-type":"","background-media":"","overlay-type":"","overlay-color":"","overlay-opacity":"","overlay-gradient":""}}},"product_brand":[],"product_cat":[54],"product_tag":[],"class_list":{"0":"post-222348","1":"product","2":"type-product","3":"status-publish","4":"has-post-thumbnail","6":"product_cat-englischkurs","7":"desktop-align-left","8":"tablet-align-left","9":"mobile-align-left","11":"first","12":"instock","13":"sale","14":"shipping-taxable","15":"purchasable","16":"product-type-simple"},"_links":{"self":[{"href":"https:\/\/mysacredyonimassage.com\/de\/wp-json\/wp\/v2\/product\/222348","targetHints":{"allow":["GET"]}}],"collection":[{"href":"https:\/\/mysacredyonimassage.com\/de\/wp-json\/wp\/v2\/product"}],"about":[{"href":"https:\/\/mysacredyonimassage.com\/de\/wp-json\/wp\/v2\/types\/product"}],"wp:featuredmedia":[{"embeddable":true,"href":"https:\/\/mysacredyonimassage.com\/de\/wp-json\/wp\/v2\/media\/222200"}],"wp:attachment":[{"href":"https:\/\/mysacredyonimassage.com\/de\/wp-json\/wp\/v2\/media?parent=222348"}],"wp:term":[{"taxonomy":"product_brand","embeddable":true,"href":"https:\/\/mysacredyonimassage.com\/de\/wp-json\/wp\/v2\/product_brand?post=222348"},{"taxonomy":"product_cat","embeddable":true,"href":"https:\/\/mysacredyonimassage.com\/de\/wp-json\/wp\/v2\/product_cat?post=222348"},{"taxonomy":"product_tag","embeddable":true,"href":"https:\/\/mysacredyonimassage.com\/de\/wp-json\/wp\/v2\/product_tag?post=222348"}],"curies":[{"name":"wp","href":"https:\/\/api.w.org\/{rel}","templated":true}]}}