{"id":222347,"date":"2023-12-08T16:01:35","date_gmt":"2023-12-08T16:01:35","guid":{"rendered":"https:\/\/mysacredyonimassage.com\/product\/heiliger-yoni-massage-kurs-deutsch\/"},"modified":"2024-01-19T16:28:20","modified_gmt":"2024-01-19T16:28:20","slug":"heiliger-yoni-massage-kurs-deutsch","status":"publish","type":"product","link":"https:\/\/mysacredyonimassage.com\/de\/produkt\/heiliger-yoni-massage-kurs-deutsch\/","title":{"rendered":"Heiliger Yoni Massage Kurs (Deutsch)"},"content":{"rendered":"<h3>KURSINFO<\/h3>\n<p>Willkommen im Heilige Yoni Massage Kurs! In diesem Kurs wirst du haben:<\/p>\n<ul class=\"checklist\">\n<li>Lebenszeit Voller Zugriff auf Videokurs mit mehr als 3 Stunden Schritt-f\u00fcr-Schritt-Anleitung und Demonstrationen mit einem Live-Tantra-Modell, damit Du genau sehen kannst, wie es gemacht wird.<\/li>\n<li>Einfach zu verstehende Videos, die Du bequem von zu Hause aus ansehen kannst.<\/li>\n<li>Herunterladbare PDFs aller Vortr\u00e4ge und Heilige Yoni Massage Checkliste. Drucke diese einfach aus, damit Du auch keinen Schritt vergisst!<\/li>\n<li>Geh noch TIEFER mit angeleiteten \u00dcbungen, die du allein oder mit einem Partner machen kannst, um mehr Verbindung und Spa\u00df beim Erkunden zu bekommen.<\/li>\n<li>Eine geheime Facebook-Gruppe, auf der du mich und andere Frauen um Unterst\u00fctzung bitten kannst. Du wirst dich nicht wie die einzige Frau f\u00fchlen, die diese Frage hat oder die etwas anderes versucht!<\/li>\n<li>Lerne in Deinem eigenen Tempo bei Dir Zuhause und geniesse ein sch\u00f6nes, sexy Date mit Dir selbst oder Deinem Partner, und gehe durch alle Anleitungen durch.<\/li>\n<li>Meine pers\u00f6nliche Liste mit Musik f\u00fcr eine Heilige Yoni Massage, die es Dir erm\u00f6glicht, Dich zu entspannen und Dich in die richtige Stimmung zu bringen.<\/li>\n<li>Meine Geld-zur\u00fcck-Garantie &#8211; Ich glaube an diesen Kurs und dessen F\u00e4higkeit, sowohl zu heilen als auch Dir zu helfen, Dein sexuelles Potenzial zu erreichen. Wenn du den gesamten Kurs absolviert hast und ehrlich der Meinung bist, dass Du keinen Wert aus der Erfahrung gezogen hast, sende mir bitte innerhalb von 30 Tagen nach dem Kauf eine E-Mail, um die vollst\u00e4ndige R\u00fcckerstattung zu erhalten.<\/li>\n<\/ul>\n","protected":false},"excerpt":{"rendered":"<p>KURSINFO Willkommen im Heilige Yoni Massage Kurs! In diesem Kurs wirst du haben: Lebenszeit Voller Zugriff auf Videokurs mit mehr als 3 Stunden Schritt-f\u00fcr-Schritt-Anleitung und Demonstrationen mit einem Live-Tantra-Modell, damit Du genau sehen kannst, wie es gemacht wird. Einfach zu verstehende Videos, die Du bequem von zu Hause aus ansehen kannst. Herunterladbare PDFs aller Vortr\u00e4ge [&hellip;]<\/p>\n","protected":false},"featured_media":222200,"template":"","meta":{"site-sidebar-layout":"default","site-content-layout":"","ast-site-content-layout":"default","site-content-style":"default","site-sidebar-style":"default","ast-global-header-display":"","ast-banner-title-visibility":"","ast-main-header-display":"","ast-hfb-above-header-display":"","ast-hfb-below-header-display":"","ast-hfb-mobile-header-display":"","site-post-title":"","ast-breadcrumbs-content":"","ast-featured-img":"","footer-sml-layout":"","ast-disable-related-posts":"","theme-transparent-header-meta":"default","adv-header-id-meta":"","stick-header-meta":"","header-above-stick-meta":"","header-main-stick-meta":"","header-below-stick-meta":"","astra-migrate-meta-layouts":"set","ast-page-background-enabled":"default","ast-page-background-meta":{"desktop":{"background-color":"var(--ast-global-color-4)","background-image":"","background-repeat":"repeat","background-position":"center center","background-size":"auto","background-attachment":"scroll","background-type":"","background-media":"","overlay-type":"","overlay-color":"","overlay-opacity":"","overlay-gradient":""},"tablet":{"background-color":"","background-image":"","background-repeat":"repeat","background-position":"center center","background-size":"auto","background-attachment":"scroll","background-type":"","background-media":"","overlay-type":"","overlay-color":"","overlay-opacity":"","overlay-gradient":""},"mobile":{"background-color":"","background-image":"","background-repeat":"repeat","background-position":"center center","background-size":"auto","background-attachment":"scroll","background-type":"","background-media":"","overlay-type":"","overlay-color":"","overlay-opacity":"","overlay-gradient":""}},"ast-content-background-meta":{"desktop":{"background-color":"var(--ast-global-color-5)","background-image":"","background-repeat":"repeat","background-position":"center center","background-size":"auto","background-attachment":"scroll","background-type":"","background-media":"","overlay-type":"","overlay-color":"","overlay-opacity":"","overlay-gradient":""},"tablet":{"background-color":"var(--ast-global-color-5)","background-image":"","background-repeat":"repeat","background-position":"center center","background-size":"auto","background-attachment":"scroll","background-type":"","background-media":"","overlay-type":"","overlay-color":"","overlay-opacity":"","overlay-gradient":""},"mobile":{"background-color":"var(--ast-global-color-5)","background-image":"","background-repeat":"repeat","background-position":"center center","background-size":"auto","background-attachment":"scroll","background-type":"","background-media":"","overlay-type":"","overlay-color":"","overlay-opacity":"","overlay-gradient":""}}},"product_brand":[],"product_cat":[],"product_tag":[],"class_list":{"0":"post-222347","1":"product","2":"type-product","3":"status-publish","4":"has-post-thumbnail","6":"desktop-align-left","7":"tablet-align-left","8":"mobile-align-left","10":"first","11":"instock","12":"sale","13":"shipping-taxable","14":"purchasable","15":"product-type-simple"},"_links":{"self":[{"href":"https:\/\/mysacredyonimassage.com\/de\/wp-json\/wp\/v2\/product\/222347","targetHints":{"allow":["GET"]}}],"collection":[{"href":"https:\/\/mysacredyonimassage.com\/de\/wp-json\/wp\/v2\/product"}],"about":[{"href":"https:\/\/mysacredyonimassage.com\/de\/wp-json\/wp\/v2\/types\/product"}],"wp:featuredmedia":[{"embeddable":true,"href":"https:\/\/mysacredyonimassage.com\/de\/wp-json\/wp\/v2\/media\/222200"}],"wp:attachment":[{"href":"https:\/\/mysacredyonimassage.com\/de\/wp-json\/wp\/v2\/media?parent=222347"}],"wp:term":[{"taxonomy":"product_brand","embeddable":true,"href":"https:\/\/mysacredyonimassage.com\/de\/wp-json\/wp\/v2\/product_brand?post=222347"},{"taxonomy":"product_cat","embeddable":true,"href":"https:\/\/mysacredyonimassage.com\/de\/wp-json\/wp\/v2\/product_cat?post=222347"},{"taxonomy":"product_tag","embeddable":true,"href":"https:\/\/mysacredyonimassage.com\/de\/wp-json\/wp\/v2\/product_tag?post=222347"}],"curies":[{"name":"wp","href":"https:\/\/api.w.org\/{rel}","templated":true}]}}