{"id":222346,"date":"2023-12-08T16:04:20","date_gmt":"2023-12-08T16:04:20","guid":{"rendered":"https:\/\/mysacredyonimassage.com\/product\/blossoming-into-bliss-free-video\/"},"modified":"2024-02-08T13:51:08","modified_gmt":"2024-02-08T13:51:08","slug":"blossoming-into-bliss-free-video","status":"publish","type":"product","link":"https:\/\/mysacredyonimassage.com\/de\/produkt\/blossoming-into-bliss-free-video\/","title":{"rendered":"Blossoming Into Bliss FREE Video"},"content":{"rendered":"<p>Dieses 6-teilige Videotraining bringt lustvolle Sexualerziehung zu Ihnen nach Hause, indem es Ihnen zeigt, wie Sie Ihre Beckenbodengesundheit mit \u00dcbungen zur Bewusstheit, Kraft und Entspannung f\u00f6rdern k\u00f6nnen (einschlie\u00dflich der Heilung vaginaler Taubheit), 7 M\u00f6glichkeiten, Selbstliebe zu praktizieren, und eine gef\u00fchrte \u00dcbung, wie Sie Ihre Stimmung mit dem Breath of Joy heben k\u00f6nnen.<\/p>\n","protected":false},"excerpt":{"rendered":"<p>Dieses 6-teilige Videotraining bringt lustvolle Sexualerziehung zu Ihnen nach Hause, indem es Ihnen zeigt, wie Sie Ihre Beckenbodengesundheit mit \u00dcbungen zur Bewusstheit, Kraft und Entspannung f\u00f6rdern k\u00f6nnen (einschlie\u00dflich der Heilung vaginaler Taubheit), 7 M\u00f6glichkeiten, Selbstliebe zu praktizieren, und eine gef\u00fchrte \u00dcbung, wie Sie Ihre Stimmung mit dem Breath of Joy heben k\u00f6nnen.<\/p>\n","protected":false},"featured_media":222199,"template":"","meta":{"site-sidebar-layout":"default","site-content-layout":"","ast-site-content-layout":"default","site-content-style":"default","site-sidebar-style":"default","ast-global-header-display":"","ast-banner-title-visibility":"","ast-main-header-display":"","ast-hfb-above-header-display":"","ast-hfb-below-header-display":"","ast-hfb-mobile-header-display":"","site-post-title":"","ast-breadcrumbs-content":"","ast-featured-img":"","footer-sml-layout":"","ast-disable-related-posts":"","theme-transparent-header-meta":"default","adv-header-id-meta":"","stick-header-meta":"","header-above-stick-meta":"","header-main-stick-meta":"","header-below-stick-meta":"","astra-migrate-meta-layouts":"default","ast-page-background-enabled":"default","ast-page-background-meta":{"desktop":{"background-color":"var(--ast-global-color-4)","background-image":"","background-repeat":"repeat","background-position":"center center","background-size":"auto","background-attachment":"scroll","background-type":"","background-media":"","overlay-type":"","overlay-color":"","overlay-opacity":"","overlay-gradient":""},"tablet":{"background-color":"","background-image":"","background-repeat":"repeat","background-position":"center center","background-size":"auto","background-attachment":"scroll","background-type":"","background-media":"","overlay-type":"","overlay-color":"","overlay-opacity":"","overlay-gradient":""},"mobile":{"background-color":"","background-image":"","background-repeat":"repeat","background-position":"center center","background-size":"auto","background-attachment":"scroll","background-type":"","background-media":"","overlay-type":"","overlay-color":"","overlay-opacity":"","overlay-gradient":""}},"ast-content-background-meta":{"desktop":{"background-color":"var(--ast-global-color-5)","background-image":"","background-repeat":"repeat","background-position":"center center","background-size":"auto","background-attachment":"scroll","background-type":"","background-media":"","overlay-type":"","overlay-color":"","overlay-opacity":"","overlay-gradient":""},"tablet":{"background-color":"var(--ast-global-color-5)","background-image":"","background-repeat":"repeat","background-position":"center center","background-size":"auto","background-attachment":"scroll","background-type":"","background-media":"","overlay-type":"","overlay-color":"","overlay-opacity":"","overlay-gradient":""},"mobile":{"background-color":"var(--ast-global-color-5)","background-image":"","background-repeat":"repeat","background-position":"center center","background-size":"auto","background-attachment":"scroll","background-type":"","background-media":"","overlay-type":"","overlay-color":"","overlay-opacity":"","overlay-gradient":""}}},"product_brand":[],"product_cat":[57],"product_tag":[],"class_list":{"0":"post-222346","1":"product","2":"type-product","3":"status-publish","4":"has-post-thumbnail","6":"product_cat-kostenloses-video","7":"desktop-align-left","8":"tablet-align-left","9":"mobile-align-left","11":"first","12":"instock","13":"shipping-taxable","14":"product-type-simple"},"_links":{"self":[{"href":"https:\/\/mysacredyonimassage.com\/de\/wp-json\/wp\/v2\/product\/222346","targetHints":{"allow":["GET"]}}],"collection":[{"href":"https:\/\/mysacredyonimassage.com\/de\/wp-json\/wp\/v2\/product"}],"about":[{"href":"https:\/\/mysacredyonimassage.com\/de\/wp-json\/wp\/v2\/types\/product"}],"wp:featuredmedia":[{"embeddable":true,"href":"https:\/\/mysacredyonimassage.com\/de\/wp-json\/wp\/v2\/media\/222199"}],"wp:attachment":[{"href":"https:\/\/mysacredyonimassage.com\/de\/wp-json\/wp\/v2\/media?parent=222346"}],"wp:term":[{"taxonomy":"product_brand","embeddable":true,"href":"https:\/\/mysacredyonimassage.com\/de\/wp-json\/wp\/v2\/product_brand?post=222346"},{"taxonomy":"product_cat","embeddable":true,"href":"https:\/\/mysacredyonimassage.com\/de\/wp-json\/wp\/v2\/product_cat?post=222346"},{"taxonomy":"product_tag","embeddable":true,"href":"https:\/\/mysacredyonimassage.com\/de\/wp-json\/wp\/v2\/product_tag?post=222346"}],"curies":[{"name":"wp","href":"https:\/\/api.w.org\/{rel}","templated":true}]}}