{"id":234318,"date":"2024-01-30T19:14:35","date_gmt":"2024-01-30T19:14:35","guid":{"rendered":"https:\/\/mysacredyonimassage.com\/ueber\/"},"modified":"2024-02-19T15:46:51","modified_gmt":"2024-02-19T15:46:51","slug":"ueber","status":"publish","type":"page","link":"https:\/\/mysacredyonimassage.com\/de\/ueber\/","title":{"rendered":"\u00dcber"},"content":{"rendered":"\t\t<div data-elementor-type=\"wp-page\" data-elementor-id=\"234318\" class=\"elementor elementor-234318 elementor-234316\" data-elementor-post-type=\"page\">\n\t\t\t\t<div class=\"elementor-element elementor-element-f6e596a e-con-full e-flex e-con e-parent\" data-id=\"f6e596a\" data-element_type=\"container\" data-e-type=\"container\" data-settings=\"{&quot;background_background&quot;:&quot;classic&quot;}\">\n\t\t\t\t<div class=\"elementor-element elementor-element-d8f0954 elementor-widget elementor-widget-heading\" data-id=\"d8f0954\" data-element_type=\"widget\" data-e-type=\"widget\" data-widget_type=\"heading.default\">\n\t\t\t\t<div class=\"elementor-widget-container\">\n\t\t\t\t\t<h2 class=\"elementor-heading-title elementor-size-default\">Suriya Nitschke<\/h2>\t\t\t\t<\/div>\n\t\t\t\t<\/div>\n\t\t\t\t<\/div>\n\t\t<div class=\"elementor-element elementor-element-02237c3 e-flex e-con-boxed e-con e-parent\" data-id=\"02237c3\" data-element_type=\"container\" data-e-type=\"container\" data-settings=\"{&quot;background_background&quot;:&quot;classic&quot;}\">\n\t\t\t\t\t<div class=\"e-con-inner\">\n\t\t<div class=\"elementor-element elementor-element-822686e e-con-full e-flex e-con e-child\" data-id=\"822686e\" data-element_type=\"container\" data-e-type=\"container\">\n\t\t\t\t<div class=\"elementor-element elementor-element-d63df96 elementor-widget elementor-widget-text-editor\" data-id=\"d63df96\" data-element_type=\"widget\" data-e-type=\"widget\" data-widget_type=\"text-editor.default\">\n\t\t\t\t<div class=\"elementor-widget-container\">\n\t\t\t\t\t\t\t\t\t<p>Ich glaube, dass alles, was wir wissen, f\u00fchlen und erleben, miteinander verbunden ist.<\/p>\n<p>Ich lebe einen tantrischen Lebensstil, bei dem wir uns unserer h\u00f6heren Bestimmung bewusst sind und in allem, was wir tun, Verbindung finden. Es geht darum, im gegenw\u00e4rtigen Moment zu leben und jeden Aspekt des Lebens &#8211; das Aufwachen, die Bewegung, das Putzen, das Liebemachen, sogar das Zubereiten des Mittagessens &#8211; einem gr\u00f6\u00dferen Gef\u00fchl von Ziel und Verbundenheit zu widmen.<\/p>\n<p>Ich war nicht immer so. Ich bin sch\u00fcchtern aufgewachsen, immer auf der Suche nach jemandem, der mich f\u00fchrt, jemandem, dem ich meine Kraft \u00fcberlassen kann, immer auf der Suche nach anderen, die mich heilen und mein Leben verbessern.<\/p>\n<p>Und es war schmerzhaft.<\/p>\n<p>Und einsam.<\/p>\n<p>Und zwecklos.<\/p>\n<p>Ich habe mich oft gefragt: &#8222;Was mache ich hier \u00fcberhaupt?&#8220;<\/p>\n<p>Vor allem im Bereich der Intimit\u00e4t mit anderen: Mein Sexualleben war weder gesund noch liebevoll oder saftig.<\/p>\n<p>Ich wollte, dass es anders wird. Aber als ich mich umschaute und um Hilfe bat, konnte ich sie nicht finden.<\/p>\n\t\t\t\t\t\t\t\t<\/div>\n\t\t\t\t<\/div>\n\t\t\t\t<\/div>\n\t\t<div class=\"elementor-element elementor-element-ac7600a e-con-full e-flex e-con e-child\" data-id=\"ac7600a\" data-element_type=\"container\" data-e-type=\"container\">\n\t\t\t\t<div class=\"elementor-element elementor-element-4515cf1 elementor-widget elementor-widget-image\" data-id=\"4515cf1\" data-element_type=\"widget\" data-e-type=\"widget\" data-widget_type=\"image.default\">\n\t\t\t\t<div class=\"elementor-widget-container\">\n\t\t\t\t\t\t\t\t\t\t\t\t\t\t\t<img fetchpriority=\"high\" decoding=\"async\" width=\"683\" height=\"1024\" src=\"https:\/\/mysacredyonimassage.com\/wp-content\/uploads\/2023\/11\/20141210-_MG_9843-07_final_13-scaled-1-683x1024.jpg\" class=\"attachment-large size-large wp-image-222176\" alt=\"Suriya Nitschke\" srcset=\"https:\/\/mysacredyonimassage.com\/wp-content\/uploads\/2023\/11\/20141210-_MG_9843-07_final_13-scaled-1-683x1024.jpg 683w, https:\/\/mysacredyonimassage.com\/wp-content\/uploads\/2023\/11\/20141210-_MG_9843-07_final_13-scaled-1-600x900.jpg 600w, https:\/\/mysacredyonimassage.com\/wp-content\/uploads\/2023\/11\/20141210-_MG_9843-07_final_13-scaled-1-200x300.jpg 200w, https:\/\/mysacredyonimassage.com\/wp-content\/uploads\/2023\/11\/20141210-_MG_9843-07_final_13-scaled-1-768x1152.jpg 768w, https:\/\/mysacredyonimassage.com\/wp-content\/uploads\/2023\/11\/20141210-_MG_9843-07_final_13-scaled-1-1024x1536.jpg 1024w, https:\/\/mysacredyonimassage.com\/wp-content\/uploads\/2023\/11\/20141210-_MG_9843-07_final_13-scaled-1-1366x2048.jpg 1366w, https:\/\/mysacredyonimassage.com\/wp-content\/uploads\/2023\/11\/20141210-_MG_9843-07_final_13-scaled-1.jpg 1707w\" sizes=\"(max-width: 683px) 100vw, 683px\" \/>\t\t\t\t\t\t\t\t\t\t\t\t\t\t\t<\/div>\n\t\t\t\t<\/div>\n\t\t\t\t<\/div>\n\t\t\t\t\t<\/div>\n\t\t\t\t<\/div>\n\t\t<div class=\"elementor-element elementor-element-0927dbc e-flex e-con-boxed e-con e-parent\" data-id=\"0927dbc\" data-element_type=\"container\" data-e-type=\"container\" data-settings=\"{&quot;background_background&quot;:&quot;classic&quot;}\">\n\t\t\t\t\t<div class=\"e-con-inner\">\n\t\t\t\t<div class=\"elementor-element elementor-element-4d532ea elementor-widget elementor-widget-text-editor\" data-id=\"4d532ea\" data-element_type=\"widget\" data-e-type=\"widget\" data-widget_type=\"text-editor.default\">\n\t\t\t\t<div class=\"elementor-widget-container\">\n\t\t\t\t\t\t\t\t\t<p>Schlie\u00dflich fand ich viele Heilpraktiken wie Meditation und Yogatherapie. Ich studierte alle Heilmethoden, die ich finden konnte, darunter Hom\u00f6opathie, Iridologie, traditionelle chinesische Medizin, Kr\u00e4utermedizin, Shiatsu, prozessorientierte Psychologie und Reflexzonenmassage. Alle diese Ma\u00dfnahmen sind wunderbar und haben ihre Berechtigung. Sie bieten Heil- und Lebenspraktiken an, die zu einem ges\u00fcnderen K\u00f6rper und Geist f\u00fchren k\u00f6nnen.<\/p>\n<p>Aber es fehlte noch etwas. Eine Frage, von der ich nicht einmal wusste, wie ich sie stellen sollte, um die ersehnte Antwort zu erhalten.<\/p>\n<p>Und dann habe ich die Yoni-Massage entdeckt.<\/p>\n<p>Dieses heilige Werk hat f\u00fcr mich alles ver\u00e4ndert.<\/p>\n<p>Es war so transformierend, dass ich schnell zur Praktikerin wurde, um mit Frauen aus der ganzen Welt arbeiten zu k\u00f6nnen. Tausende von Frauen haben durch diese Art von Heilmassage ihr Leben ver\u00e4ndert.<\/p>\n<p>Sie setzt gespeicherte Traumata und Emotionen frei. Sie lehrt uns etwas \u00fcber unseren eigenen K\u00f6rper (Bereiche, von denen wir gar nicht wussten, dass wir sie haben!), unsere eigenen Bed\u00fcrfnisse, unser eigenes Gef\u00fchl f\u00fcr Freude, Gl\u00fcck und Vergn\u00fcgen.<\/p>\n<p>Sie hilft uns sogar, mit unseren Partnern \u00fcber unsere Bed\u00fcrfnisse und W\u00fcnsche zu kommunizieren. Es gibt so vieles, was man uns nie \u00fcber uns selbst beigebracht hat und was wir wissen M\u00dcSSEN, um das fehlende St\u00fcck zu finden.<\/p>\n<p>Und deshalb biete ich Ihnen diese Gelegenheit.<\/p>\n<p>Ich m\u00f6chte, dass Sie bei dieser \u00e4u\u00dferst transformatorischen Arbeit ein effektiver Heiler sind. Es gibt so wenige. Ich m\u00f6chte, dass Sie lernen, \u00fcben, wachsen und durch die Zertifizierung die n\u00f6tige Glaubw\u00fcrdigkeit erhalten.<\/p>\n<p>Lassen Sie uns gemeinsam das Leben ver\u00e4ndern!<\/p>\n\t\t\t\t\t\t\t\t<\/div>\n\t\t\t\t<\/div>\n\t\t\t\t\t<\/div>\n\t\t\t\t<\/div>\n\t\t\t\t<\/div>\n\t\t","protected":false},"excerpt":{"rendered":"<p>Suriya Nitschke Ich glaube, dass alles, was wir wissen, f\u00fchlen und erleben, miteinander verbunden ist. Ich lebe einen tantrischen Lebensstil, bei dem wir uns unserer h\u00f6heren Bestimmung bewusst sind und in allem, was wir tun, Verbindung finden. Es geht darum, im gegenw\u00e4rtigen Moment zu leben und jeden Aspekt des Lebens &#8211; das Aufwachen, die Bewegung, [&hellip;]<\/p>\n","protected":false},"author":2,"featured_media":0,"parent":0,"menu_order":0,"comment_status":"closed","ping_status":"closed","template":"","meta":{"site-sidebar-layout":"no-sidebar","site-content-layout":"","ast-site-content-layout":"full-width-container","site-content-style":"default","site-sidebar-style":"default","ast-global-header-display":"","ast-banner-title-visibility":"","ast-main-header-display":"","ast-hfb-above-header-display":"","ast-hfb-below-header-display":"","ast-hfb-mobile-header-display":"","site-post-title":"disabled","ast-breadcrumbs-content":"","ast-featured-img":"disabled","footer-sml-layout":"","ast-disable-related-posts":"","theme-transparent-header-meta":"","adv-header-id-meta":"","stick-header-meta":"","header-above-stick-meta":"","header-main-stick-meta":"","header-below-stick-meta":"","astra-migrate-meta-layouts":"default","ast-page-background-enabled":"default","ast-page-background-meta":{"desktop":{"background-color":"var(--ast-global-color-4)","background-image":"","background-repeat":"repeat","background-position":"center center","background-size":"auto","background-attachment":"scroll","background-type":"","background-media":"","overlay-type":"","overlay-color":"","overlay-opacity":"","overlay-gradient":""},"tablet":{"background-color":"","background-image":"","background-repeat":"repeat","background-position":"center center","background-size":"auto","background-attachment":"scroll","background-type":"","background-media":"","overlay-type":"","overlay-color":"","overlay-opacity":"","overlay-gradient":""},"mobile":{"background-color":"","background-image":"","background-repeat":"repeat","background-position":"center center","background-size":"auto","background-attachment":"scroll","background-type":"","background-media":"","overlay-type":"","overlay-color":"","overlay-opacity":"","overlay-gradient":""}},"ast-content-background-meta":{"desktop":{"background-color":"var(--ast-global-color-5)","background-image":"","background-repeat":"repeat","background-position":"center center","background-size":"auto","background-attachment":"scroll","background-type":"","background-media":"","overlay-type":"","overlay-color":"","overlay-opacity":"","overlay-gradient":""},"tablet":{"background-color":"var(--ast-global-color-5)","background-image":"","background-repeat":"repeat","background-position":"center center","background-size":"auto","background-attachment":"scroll","background-type":"","background-media":"","overlay-type":"","overlay-color":"","overlay-opacity":"","overlay-gradient":""},"mobile":{"background-color":"var(--ast-global-color-5)","background-image":"","background-repeat":"repeat","background-position":"center center","background-size":"auto","background-attachment":"scroll","background-type":"","background-media":"","overlay-type":"","overlay-color":"","overlay-opacity":"","overlay-gradient":""}},"footnotes":""},"class_list":["post-234318","page","type-page","status-publish","hentry"],"_links":{"self":[{"href":"https:\/\/mysacredyonimassage.com\/de\/wp-json\/wp\/v2\/pages\/234318","targetHints":{"allow":["GET"]}}],"collection":[{"href":"https:\/\/mysacredyonimassage.com\/de\/wp-json\/wp\/v2\/pages"}],"about":[{"href":"https:\/\/mysacredyonimassage.com\/de\/wp-json\/wp\/v2\/types\/page"}],"author":[{"embeddable":true,"href":"https:\/\/mysacredyonimassage.com\/de\/wp-json\/wp\/v2\/users\/2"}],"replies":[{"embeddable":true,"href":"https:\/\/mysacredyonimassage.com\/de\/wp-json\/wp\/v2\/comments?post=234318"}],"version-history":[{"count":4,"href":"https:\/\/mysacredyonimassage.com\/de\/wp-json\/wp\/v2\/pages\/234318\/revisions"}],"predecessor-version":[{"id":234559,"href":"https:\/\/mysacredyonimassage.com\/de\/wp-json\/wp\/v2\/pages\/234318\/revisions\/234559"}],"wp:attachment":[{"href":"https:\/\/mysacredyonimassage.com\/de\/wp-json\/wp\/v2\/media?parent=234318"}],"curies":[{"name":"wp","href":"https:\/\/api.w.org\/{rel}","templated":true}]}}