{"id":222227,"date":"2023-11-30T20:14:03","date_gmt":"2023-11-30T20:14:03","guid":{"rendered":"https:\/\/mysacredyonimassage.com\/bedingungen-und-konditionen\/"},"modified":"2024-01-30T22:23:09","modified_gmt":"2024-01-30T22:23:09","slug":"bedingungen-und-konditionen","status":"publish","type":"page","link":"https:\/\/mysacredyonimassage.com\/de\/bedingungen-und-konditionen\/","title":{"rendered":"Bedingungen und Konditionen"},"content":{"rendered":"\t\t<div data-elementor-type=\"wp-page\" data-elementor-id=\"222227\" class=\"elementor elementor-222227 elementor-221817\" data-elementor-post-type=\"page\">\n\t\t\t\t<div class=\"elementor-element elementor-element-1fd7025 e-con-full e-flex e-con e-parent\" data-id=\"1fd7025\" data-element_type=\"container\" data-e-type=\"container\" data-settings=\"{&quot;background_background&quot;:&quot;classic&quot;}\">\n\t\t\t\t<div class=\"elementor-element elementor-element-94ecb5d elementor-widget elementor-widget-heading\" data-id=\"94ecb5d\" data-element_type=\"widget\" data-e-type=\"widget\" data-widget_type=\"heading.default\">\n\t\t\t\t<div class=\"elementor-widget-container\">\n\t\t\t\t\t<h1 class=\"elementor-heading-title elementor-size-default\">Bedingungen und Konditionen<\/h1>\t\t\t\t<\/div>\n\t\t\t\t<\/div>\n\t\t\t\t<\/div>\n\t\t<div class=\"elementor-element elementor-element-c71b873 e-flex e-con-boxed e-con e-parent\" data-id=\"c71b873\" data-element_type=\"container\" data-e-type=\"container\">\n\t\t\t\t\t<div class=\"e-con-inner\">\n\t\t\t\t<div class=\"elementor-element elementor-element-917b1aa elementor-widget elementor-widget-text-editor\" data-id=\"917b1aa\" data-element_type=\"widget\" data-e-type=\"widget\" data-widget_type=\"text-editor.default\">\n\t\t\t\t<div class=\"elementor-widget-container\">\n\t\t\t\t\t\t\t\t\t<h3>Nutzungsbedingungen f\u00fcr die Website<\/h3>\n<p>SIE M\u00dcSSEN MINDESTENS 18 JAHRE ALT SEIN, UM DIE SEITEN ZU NUTZEN.<\/p>\n<ol>\n<li><strong>  Bedingungen<\/strong><\/li>\n<\/ol>\n<p>Mit dem Zugriff auf diese Website erkl\u00e4ren Sie sich mit diesen Nutzungsbedingungen sowie mit allen anwendbaren Gesetzen und Vorschriften einverstanden und stimmen zu, dass Sie f\u00fcr die Einhaltung aller anwendbaren lokalen Gesetze verantwortlich sind. Wenn Sie mit einer dieser Bedingungen nicht einverstanden sind, ist es Ihnen untersagt, diese Website zu nutzen oder darauf zuzugreifen. Die auf dieser Website enthaltenen Materialien sind durch das geltende Urheber- und Markenrecht gesch\u00fctzt.<\/p>\n<ol start=\"2\">\n<li><strong>  Lizenz verwenden<\/strong><\/li>\n<\/ol>\n<ol style=\"list-style-type: upper-alpha;\">\n<li>Es wird die Erlaubnis erteilt, eine Kopie der Materialien (Informationen oder Software) auf der Website des Unternehmens nur f\u00fcr den pers\u00f6nlichen, nicht-kommerziellen Gebrauch vor\u00fcbergehend herunterzuladen. Es handelt sich um die Gew\u00e4hrung einer Lizenz, nicht um eine \u00dcbertragung des Eigentumsrechts, und im Rahmen dieser Lizenz d\u00fcrfen Sie nicht:\n<ol style=\"list-style-type: lower-alpha;\">\n<li>die Materialien zu ver\u00e4ndern oder zu kopieren;<\/li>\n<li>das Material f\u00fcr kommerzielle Zwecke oder f\u00fcr eine \u00f6ffentliche Darstellung (kommerziell oder nicht kommerziell) zu verwenden;<\/li>\n<li>zu versuchen, die auf der Website des Unternehmens enthaltene Software zu dekompilieren oder zur\u00fcckzuentwickeln;<\/li>\n<li>Urheberrechts- oder andere Eigentumsvermerke aus den Materialien zu entfernen; oder<\/li>\n<li>das Material an eine andere Person weiterzugeben oder es auf einem anderen Server zu spiegeln&#8220;.<\/li>\n<\/ol>\n<\/li>\n<li>Diese Lizenz erlischt automatisch, wenn Sie gegen eine dieser Einschr\u00e4nkungen versto\u00dfen, und kann vom Unternehmen jederzeit gek\u00fcndigt werden. Nach Beendigung der Betrachtung dieser Materialien oder nach Beendigung dieser Lizenz m\u00fcssen Sie alle heruntergeladenen Materialien, die sich in Ihrem Besitz befinden, sei es in elektronischer oder gedruckter Form, vernichten.<\/li>\n<\/ol>\n<ol start=\"3\">\n<li><strong>  Haftungsausschluss<\/strong><\/li>\n<\/ol>\n<ol style=\"list-style-type: upper-alpha;\">\n<li>Die Materialien auf der Website des Unternehmens werden in der vorliegenden Form bereitgestellt. Das Unternehmen gibt keine ausdr\u00fccklichen oder stillschweigenden Garantien und lehnt hiermit alle anderen Garantien ab, einschlie\u00dflich, aber nicht beschr\u00e4nkt auf, stillschweigende Garantien oder Bedingungen der Marktg\u00e4ngigkeit, der Eignung f\u00fcr einen bestimmten Zweck oder der Nichtverletzung von geistigem Eigentum oder anderen Rechtsverletzungen. Dar\u00fcber hinaus \u00fcbernimmt das Unternehmen keine Gew\u00e4hr f\u00fcr die Richtigkeit, die wahrscheinlichen Ergebnisse oder die Zuverl\u00e4ssigkeit der Nutzung der Materialien auf seiner Website oder in Bezug auf solche Materialien oder auf Websites, die mit dieser Website verlinkt sind, und gibt keine Zusicherungen ab.<\/li>\n<\/ol>\n<ol start=\"4\">\n<li><strong>  Beschr\u00e4nkungen<\/strong><\/li>\n<\/ol>\n<p>In keinem Fall haften das Unternehmen oder seine Zulieferer f\u00fcr Sch\u00e4den (einschlie\u00dflich, aber nicht beschr\u00e4nkt auf Sch\u00e4den durch Daten- oder Gewinnverluste oder durch Gesch\u00e4ftsunterbrechungen), die aus der Nutzung oder der Unm\u00f6glichkeit der Nutzung der Materialien auf der Internetseite des Unternehmens entstehen, selbst wenn das Unternehmen oder ein vom Unternehmen autorisierter Vertreter m\u00fcndlich oder schriftlich \u00fcber die M\u00f6glichkeit solcher Sch\u00e4den informiert wurde. Da einige Gerichtsbarkeiten keine Beschr\u00e4nkungen von stillschweigenden Garantien oder Haftungsbeschr\u00e4nkungen f\u00fcr Folgesch\u00e4den oder zuf\u00e4llige Sch\u00e4den zulassen, gelten diese Beschr\u00e4nkungen m\u00f6glicherweise nicht f\u00fcr Sie.<\/p>\n<ol start=\"5\">\n<li><strong>  \u00dcberarbeitungen und Errata<\/strong><\/li>\n<\/ol>\n<p>Die Materialien auf der Website des Unternehmens k\u00f6nnen technische, typografische oder fotografische Fehler enthalten. Das Unternehmen \u00fcbernimmt keine Gew\u00e4hr f\u00fcr die Richtigkeit, Vollst\u00e4ndigkeit und Aktualit\u00e4t der auf seiner Website enthaltenen Informationen. Das Unternehmen kann jederzeit und ohne Vorank\u00fcndigung \u00c4nderungen an den auf seiner Website enthaltenen Materialien vornehmen. Das Unternehmen \u00fcbernimmt jedoch keine Verpflichtung zur Aktualisierung der Materialien.<\/p>\n<ol start=\"6\">\n<li><strong>  Links<\/strong><\/li>\n<\/ol>\n<p>Das Unternehmen hat nicht alle mit seiner Website verkn\u00fcpften Websites \u00fcberpr\u00fcft und ist nicht verantwortlich f\u00fcr den Inhalt dieser verlinkten Websites. Die Aufnahme eines Links bedeutet nicht, dass das Unternehmen diese Seite bef\u00fcrwortet. Die Nutzung einer solchen verlinkten Website erfolgt auf eigenes Risiko des Nutzers.<\/p>\n<ol start=\"7\">\n<li><strong>  \u00c4nderungen der Nutzungsbedingungen f\u00fcr die Website<\/strong><\/li>\n<\/ol>\n<p>Das Unternehmen kann diese Nutzungsbedingungen f\u00fcr seine Website jederzeit und ohne Vorank\u00fcndigung \u00fcberarbeiten. Durch die Nutzung dieser Website erkl\u00e4ren Sie sich mit der jeweils aktuellen Fassung dieser Nutzungsbedingungen einverstanden.<\/p>\n<ol start=\"8\">\n<li><strong>  Geltendes Recht<\/strong><\/li>\n<\/ol>\n<p>Jegliche Anspr\u00fcche im Zusammenhang mit der Website des Unternehmens unterliegen den Gesetzen des Staates New York, ungeachtet der Bestimmungen des Kollisionsrechts.<\/p>\n<ol start=\"9\">\n<li><strong>  Terminierung<\/strong><\/li>\n<\/ol>\n<p>Wir behalten uns das Recht vor, den Online-Kurs jederzeit zu \u00e4ndern, zu modifizieren oder zu entfernen, wenn er verboten ist oder von externen Beh\u00f6rden beendet wird, und wir k\u00f6nnen in diesem Fall keine R\u00fcckerstattung gew\u00e4hren.<\/p>\n\t\t\t\t\t\t\t\t<\/div>\n\t\t\t\t<\/div>\n\t\t\t\t\t<\/div>\n\t\t\t\t<\/div>\n\t\t\t\t<\/div>\n\t\t","protected":false},"excerpt":{"rendered":"<p>Bedingungen und Konditionen Nutzungsbedingungen f\u00fcr die Website SIE M\u00dcSSEN MINDESTENS 18 JAHRE ALT SEIN, UM DIE SEITEN ZU NUTZEN. Bedingungen Mit dem Zugriff auf diese Website erkl\u00e4ren Sie sich mit diesen Nutzungsbedingungen sowie mit allen anwendbaren Gesetzen und Vorschriften einverstanden und stimmen zu, dass Sie f\u00fcr die Einhaltung aller anwendbaren lokalen Gesetze verantwortlich sind. Wenn [&hellip;]<\/p>\n","protected":false},"author":2,"featured_media":0,"parent":0,"menu_order":0,"comment_status":"closed","ping_status":"closed","template":"","meta":{"site-sidebar-layout":"no-sidebar","site-content-layout":"","ast-site-content-layout":"default","site-content-style":"default","site-sidebar-style":"default","ast-global-header-display":"","ast-banner-title-visibility":"","ast-main-header-display":"","ast-hfb-above-header-display":"","ast-hfb-below-header-display":"","ast-hfb-mobile-header-display":"","site-post-title":"disabled","ast-breadcrumbs-content":"","ast-featured-img":"disabled","footer-sml-layout":"","ast-disable-related-posts":"","theme-transparent-header-meta":"","adv-header-id-meta":"","stick-header-meta":"","header-above-stick-meta":"","header-main-stick-meta":"","header-below-stick-meta":"","astra-migrate-meta-layouts":"default","ast-page-background-enabled":"default","ast-page-background-meta":{"desktop":{"background-color":"var(--ast-global-color-4)","background-image":"","background-repeat":"repeat","background-position":"center center","background-size":"auto","background-attachment":"scroll","background-type":"","background-media":"","overlay-type":"","overlay-color":"","overlay-opacity":"","overlay-gradient":""},"tablet":{"background-color":"","background-image":"","background-repeat":"repeat","background-position":"center center","background-size":"auto","background-attachment":"scroll","background-type":"","background-media":"","overlay-type":"","overlay-color":"","overlay-opacity":"","overlay-gradient":""},"mobile":{"background-color":"","background-image":"","background-repeat":"repeat","background-position":"center center","background-size":"auto","background-attachment":"scroll","background-type":"","background-media":"","overlay-type":"","overlay-color":"","overlay-opacity":"","overlay-gradient":""}},"ast-content-background-meta":{"desktop":{"background-color":"var(--ast-global-color-5)","background-image":"","background-repeat":"repeat","background-position":"center center","background-size":"auto","background-attachment":"scroll","background-type":"","background-media":"","overlay-type":"","overlay-color":"","overlay-opacity":"","overlay-gradient":""},"tablet":{"background-color":"var(--ast-global-color-5)","background-image":"","background-repeat":"repeat","background-position":"center center","background-size":"auto","background-attachment":"scroll","background-type":"","background-media":"","overlay-type":"","overlay-color":"","overlay-opacity":"","overlay-gradient":""},"mobile":{"background-color":"var(--ast-global-color-5)","background-image":"","background-repeat":"repeat","background-position":"center center","background-size":"auto","background-attachment":"scroll","background-type":"","background-media":"","overlay-type":"","overlay-color":"","overlay-opacity":"","overlay-gradient":""}},"footnotes":""},"class_list":["post-222227","page","type-page","status-publish","hentry"],"_links":{"self":[{"href":"https:\/\/mysacredyonimassage.com\/de\/wp-json\/wp\/v2\/pages\/222227","targetHints":{"allow":["GET"]}}],"collection":[{"href":"https:\/\/mysacredyonimassage.com\/de\/wp-json\/wp\/v2\/pages"}],"about":[{"href":"https:\/\/mysacredyonimassage.com\/de\/wp-json\/wp\/v2\/types\/page"}],"author":[{"embeddable":true,"href":"https:\/\/mysacredyonimassage.com\/de\/wp-json\/wp\/v2\/users\/2"}],"replies":[{"embeddable":true,"href":"https:\/\/mysacredyonimassage.com\/de\/wp-json\/wp\/v2\/comments?post=222227"}],"version-history":[{"count":3,"href":"https:\/\/mysacredyonimassage.com\/de\/wp-json\/wp\/v2\/pages\/222227\/revisions"}],"predecessor-version":[{"id":234442,"href":"https:\/\/mysacredyonimassage.com\/de\/wp-json\/wp\/v2\/pages\/222227\/revisions\/234442"}],"wp:attachment":[{"href":"https:\/\/mysacredyonimassage.com\/de\/wp-json\/wp\/v2\/media?parent=222227"}],"curies":[{"name":"wp","href":"https:\/\/api.w.org\/{rel}","templated":true}]}}