{"id":222217,"date":"2023-11-30T15:43:57","date_gmt":"2023-11-30T15:43:57","guid":{"rendered":"https:\/\/mysacredyonimassage.com\/links\/"},"modified":"2024-01-30T21:21:46","modified_gmt":"2024-01-30T21:21:46","slug":"links","status":"publish","type":"page","link":"https:\/\/mysacredyonimassage.com\/de\/links\/","title":{"rendered":"Links"},"content":{"rendered":"\t\t<div data-elementor-type=\"wp-page\" data-elementor-id=\"222217\" class=\"elementor elementor-222217 elementor-221739\" data-elementor-post-type=\"page\">\n\t\t\t\t<div class=\"elementor-element elementor-element-1a18a0d e-con-full e-flex e-con e-parent\" data-id=\"1a18a0d\" data-element_type=\"container\" data-e-type=\"container\" data-settings=\"{&quot;background_background&quot;:&quot;classic&quot;}\">\n\t\t\t\t<div class=\"elementor-element elementor-element-2fdaf16 elementor-widget elementor-widget-image\" data-id=\"2fdaf16\" data-element_type=\"widget\" data-e-type=\"widget\" data-widget_type=\"image.default\">\n\t\t\t\t<div class=\"elementor-widget-container\">\n\t\t\t\t\t\t\t\t\t\t\t\t\t\t\t<img fetchpriority=\"high\" decoding=\"async\" width=\"427\" height=\"427\" src=\"https:\/\/mysacredyonimassage.com\/wp-content\/uploads\/2023\/11\/Suriya-portrait.jpg\" class=\"attachment-large size-large wp-image-222201\" alt=\"Links-Sacred-Yoni-Massage\" srcset=\"https:\/\/mysacredyonimassage.com\/wp-content\/uploads\/2023\/11\/Suriya-portrait.jpg 427w, https:\/\/mysacredyonimassage.com\/wp-content\/uploads\/2023\/11\/Suriya-portrait-300x300.jpg 300w, https:\/\/mysacredyonimassage.com\/wp-content\/uploads\/2023\/11\/Suriya-portrait-100x100.jpg 100w, https:\/\/mysacredyonimassage.com\/wp-content\/uploads\/2023\/11\/Suriya-portrait-150x150.jpg 150w\" sizes=\"(max-width: 427px) 100vw, 427px\" \/>\t\t\t\t\t\t\t\t\t\t\t\t\t\t\t<\/div>\n\t\t\t\t<\/div>\n\t\t\t\t<div class=\"elementor-element elementor-element-d44d86e elementor-widget elementor-widget-heading\" data-id=\"d44d86e\" data-element_type=\"widget\" data-e-type=\"widget\" data-widget_type=\"heading.default\">\n\t\t\t\t<div class=\"elementor-widget-container\">\n\t\t\t\t\t<h1 class=\"elementor-heading-title elementor-size-default\">Links<\/h1>\t\t\t\t<\/div>\n\t\t\t\t<\/div>\n\t\t\t\t<\/div>\n\t\t<div class=\"elementor-element elementor-element-a308a5d e-flex e-con-boxed e-con e-parent\" data-id=\"a308a5d\" data-element_type=\"container\" data-e-type=\"container\">\n\t\t\t\t\t<div class=\"e-con-inner\">\n\t\t<div class=\"elementor-element elementor-element-d13659f e-flex e-con-boxed e-con e-child\" data-id=\"d13659f\" data-element_type=\"container\" data-e-type=\"container\">\n\t\t\t\t\t<div class=\"e-con-inner\">\n\t\t<div class=\"elementor-element elementor-element-c4cb644 e-con-full e-flex e-con e-child\" data-id=\"c4cb644\" data-element_type=\"container\" data-e-type=\"container\">\n\t\t\t\t<div class=\"elementor-element elementor-element-df67728 elementor-widget elementor-widget-image\" data-id=\"df67728\" data-element_type=\"widget\" data-e-type=\"widget\" data-widget_type=\"image.default\">\n\t\t\t\t<div class=\"elementor-widget-container\">\n\t\t\t\t\t\t\t\t\t\t\t\t\t\t\t\t<a href=\"https:\/\/www.suhai.world\/blossoming-into-bliss\/\" target=\"_blank\" rel=\"nofollow noopener\">\n\t\t\t\t\t\t\t<img decoding=\"async\" width=\"700\" height=\"933\" src=\"https:\/\/mysacredyonimassage.com\/wp-content\/uploads\/2024\/01\/Sacred-Feminine-Touch-Ceremony.jpg\" class=\"attachment-large size-large wp-image-234122\" alt=\"Sacred Feminine Touch Ceremony\" srcset=\"https:\/\/mysacredyonimassage.com\/wp-content\/uploads\/2024\/01\/Sacred-Feminine-Touch-Ceremony.jpg 700w, https:\/\/mysacredyonimassage.com\/wp-content\/uploads\/2024\/01\/Sacred-Feminine-Touch-Ceremony-225x300.jpg 225w, https:\/\/mysacredyonimassage.com\/wp-content\/uploads\/2024\/01\/Sacred-Feminine-Touch-Ceremony-600x800.jpg 600w\" sizes=\"(max-width: 700px) 100vw, 700px\" \/>\t\t\t\t\t\t\t\t<\/a>\n\t\t\t\t\t\t\t\t\t\t\t\t\t\t\t<\/div>\n\t\t\t\t<\/div>\n\t\t\t\t<div class=\"elementor-element elementor-element-49e3c8a elementor-widget elementor-widget-heading\" data-id=\"49e3c8a\" data-element_type=\"widget\" data-e-type=\"widget\" data-widget_type=\"heading.default\">\n\t\t\t\t<div class=\"elementor-widget-container\">\n\t\t\t\t\t<h4 class=\"elementor-heading-title elementor-size-default\"><a href=\"https:\/\/www.suhai.world\/blossoming-into-bliss\/\" target=\"_blank\" rel=\"nofollow noopener\">ZEREMONIE DER HEILIGEN WEIBLICHEN BER\u00dcHRUNG<\/a><\/h4>\t\t\t\t<\/div>\n\t\t\t\t<\/div>\n\t\t\t\t<\/div>\n\t\t\t\t\t<\/div>\n\t\t\t\t<\/div>\n\t\t<div class=\"elementor-element elementor-element-f78558c e-flex e-con-boxed e-con e-child\" data-id=\"f78558c\" data-element_type=\"container\" data-e-type=\"container\">\n\t\t\t\t\t<div class=\"e-con-inner\">\n\t\t<div class=\"elementor-element elementor-element-e4099b1 e-con-full e-flex e-con e-child\" data-id=\"e4099b1\" data-element_type=\"container\" data-e-type=\"container\">\n\t\t\t\t<div class=\"elementor-element elementor-element-eab21ab elementor-widget elementor-widget-image\" data-id=\"eab21ab\" data-element_type=\"widget\" data-e-type=\"widget\" data-widget_type=\"image.default\">\n\t\t\t\t<div class=\"elementor-widget-container\">\n\t\t\t\t\t\t\t\t\t\t\t\t\t\t\t\t<a href=\"https:\/\/mysacredyonimassage.com\/de\/newsletter\/\" target=\"_blank\">\n\t\t\t\t\t\t\t<img decoding=\"async\" width=\"684\" height=\"1024\" src=\"https:\/\/mysacredyonimassage.com\/wp-content\/uploads\/2023\/11\/How-to-Survive-a-Long-Distance-Relationship-684x1024.jpg\" class=\"attachment-large size-large wp-image-222203\" alt=\"\" srcset=\"https:\/\/mysacredyonimassage.com\/wp-content\/uploads\/2023\/11\/How-to-Survive-a-Long-Distance-Relationship-684x1024.jpg 684w, https:\/\/mysacredyonimassage.com\/wp-content\/uploads\/2023\/11\/How-to-Survive-a-Long-Distance-Relationship-600x899.jpg 600w, https:\/\/mysacredyonimassage.com\/wp-content\/uploads\/2023\/11\/How-to-Survive-a-Long-Distance-Relationship-200x300.jpg 200w, https:\/\/mysacredyonimassage.com\/wp-content\/uploads\/2023\/11\/How-to-Survive-a-Long-Distance-Relationship-768x1150.jpg 768w, https:\/\/mysacredyonimassage.com\/wp-content\/uploads\/2023\/11\/How-to-Survive-a-Long-Distance-Relationship-1025x1536.jpg 1025w, https:\/\/mysacredyonimassage.com\/wp-content\/uploads\/2023\/11\/How-to-Survive-a-Long-Distance-Relationship-1367x2048.jpg 1367w, https:\/\/mysacredyonimassage.com\/wp-content\/uploads\/2023\/11\/How-to-Survive-a-Long-Distance-Relationship.jpg 1669w\" sizes=\"(max-width: 684px) 100vw, 684px\">\t\t\t\t\t\t\t\t<\/a>\n\t\t\t\t\t\t\t\t\t\t\t\t\t\t\t<\/div>\n\t\t\t\t<\/div>\n\t\t\t\t<div class=\"elementor-element elementor-element-62682ed elementor-widget elementor-widget-heading\" data-id=\"62682ed\" data-element_type=\"widget\" data-e-type=\"widget\" data-widget_type=\"heading.default\">\n\t\t\t\t<div class=\"elementor-widget-container\">\n\t\t\t\t\t<h4 class=\"elementor-heading-title elementor-size-default\"><a href=\"https:\/\/mysacredyonimassage.com\/de\/newsletter\/\" target=\"_blank\">MEINEN NEWSLETTER ABONNIEREN<\/a><\/h4>\t\t\t\t<\/div>\n\t\t\t\t<\/div>\n\t\t\t\t<\/div>\n\t\t\t\t\t<\/div>\n\t\t\t\t<\/div>\n\t\t<div class=\"elementor-element elementor-element-53a35a4 e-flex e-con-boxed e-con e-child\" data-id=\"53a35a4\" data-element_type=\"container\" data-e-type=\"container\">\n\t\t\t\t\t<div class=\"e-con-inner\">\n\t\t<div class=\"elementor-element elementor-element-f6de876 e-con-full e-flex e-con e-child\" data-id=\"f6de876\" data-element_type=\"container\" data-e-type=\"container\">\n\t\t\t\t<div class=\"elementor-element elementor-element-c8f5646 elementor-widget elementor-widget-image\" data-id=\"c8f5646\" data-element_type=\"widget\" data-e-type=\"widget\" data-widget_type=\"image.default\">\n\t\t\t\t<div class=\"elementor-widget-container\">\n\t\t\t\t\t\t\t\t\t\t\t\t\t\t\t\t<a href=\"https:\/\/podcasts.apple.com\/us\/podcast\/discover-vaginal-orgasms-with-suriya-nitschke\/id1711341467?i=1000630923785\" target=\"_blank\" rel=\"nofollow noopener\">\n\t\t\t\t\t\t\t<img loading=\"lazy\" decoding=\"async\" width=\"313\" height=\"313\" src=\"https:\/\/mysacredyonimassage.com\/wp-content\/uploads\/2023\/11\/Suriya-1221.webp\" class=\"attachment-large size-large wp-image-222209\" alt=\"\" srcset=\"https:\/\/mysacredyonimassage.com\/wp-content\/uploads\/2023\/11\/Suriya-1221.webp 313w, https:\/\/mysacredyonimassage.com\/wp-content\/uploads\/2023\/11\/Suriya-1221-300x300.webp 300w, https:\/\/mysacredyonimassage.com\/wp-content\/uploads\/2023\/11\/Suriya-1221-100x100.webp 100w, https:\/\/mysacredyonimassage.com\/wp-content\/uploads\/2023\/11\/Suriya-1221-150x150.webp 150w\" sizes=\"(max-width: 313px) 100vw, 313px\">\t\t\t\t\t\t\t\t<\/a>\n\t\t\t\t\t\t\t\t\t\t\t\t\t\t\t<\/div>\n\t\t\t\t<\/div>\n\t\t\t\t<div class=\"elementor-element elementor-element-f593a39 elementor-widget elementor-widget-heading\" data-id=\"f593a39\" data-element_type=\"widget\" data-e-type=\"widget\" data-widget_type=\"heading.default\">\n\t\t\t\t<div class=\"elementor-widget-container\">\n\t\t\t\t\t<h4 class=\"elementor-heading-title elementor-size-default\"><a href=\"https:\/\/podcasts.apple.com\/us\/podcast\/discover-vaginal-orgasms-with-suriya-nitschke\/id1711341467?i=1000630923785\" target=\"_blank\" rel=\"nofollow noopener\">ENTDECKEN SIE VAGINALE ORGASMEN MIT RINA<\/a><\/h4>\t\t\t\t<\/div>\n\t\t\t\t<\/div>\n\t\t\t\t<\/div>\n\t\t\t\t\t<\/div>\n\t\t\t\t<\/div>\n\t\t\t\t\t<\/div>\n\t\t\t\t<\/div>\n\t\t<div class=\"elementor-element elementor-element-0721d94 e-flex e-con-boxed e-con e-parent\" data-id=\"0721d94\" data-element_type=\"container\" data-e-type=\"container\">\n\t\t\t\t\t<div class=\"e-con-inner\">\n\t\t<div class=\"elementor-element elementor-element-c131e42 e-flex e-con-boxed e-con e-child\" data-id=\"c131e42\" data-element_type=\"container\" data-e-type=\"container\">\n\t\t\t\t\t<div class=\"e-con-inner\">\n\t\t<div class=\"elementor-element elementor-element-6fc2ceb e-con-full e-flex e-con e-child\" data-id=\"6fc2ceb\" data-element_type=\"container\" data-e-type=\"container\">\n\t\t\t\t<div class=\"elementor-element elementor-element-d22cad8 elementor-widget elementor-widget-image\" data-id=\"d22cad8\" data-element_type=\"widget\" data-e-type=\"widget\" data-widget_type=\"image.default\">\n\t\t\t\t<div class=\"elementor-widget-container\">\n\t\t\t\t\t\t\t\t\t\t\t\t\t\t\t\t<a href=\"https:\/\/blossomingintobliss.com\" target=\"_blank\" rel=\"nofollow noopener\">\n\t\t\t\t\t\t\t<img loading=\"lazy\" decoding=\"async\" width=\"640\" height=\"426\" src=\"https:\/\/mysacredyonimassage.com\/wp-content\/uploads\/2023\/11\/Book.jpg\" class=\"attachment-large size-large wp-image-222207\" alt=\"\" srcset=\"https:\/\/mysacredyonimassage.com\/wp-content\/uploads\/2023\/11\/Book.jpg 640w, https:\/\/mysacredyonimassage.com\/wp-content\/uploads\/2023\/11\/Book-600x399.jpg 600w, https:\/\/mysacredyonimassage.com\/wp-content\/uploads\/2023\/11\/Book-300x200.jpg 300w\" sizes=\"(max-width: 640px) 100vw, 640px\">\t\t\t\t\t\t\t\t<\/a>\n\t\t\t\t\t\t\t\t\t\t\t\t\t\t\t<\/div>\n\t\t\t\t<\/div>\n\t\t\t\t<div class=\"elementor-element elementor-element-dbac86c elementor-widget elementor-widget-heading\" data-id=\"dbac86c\" data-element_type=\"widget\" data-e-type=\"widget\" data-widget_type=\"heading.default\">\n\t\t\t\t<div class=\"elementor-widget-container\">\n\t\t\t\t\t<h4 class=\"elementor-heading-title elementor-size-default\"><a href=\"https:\/\/blossomingintobliss.com\" target=\"_blank\" rel=\"nofollow noopener\">MEIN BUCH - AUFBL\u00dcHEN ZUR GL\u00dcCKSELIGKEIT<\/a><\/h4>\t\t\t\t<\/div>\n\t\t\t\t<\/div>\n\t\t\t\t<\/div>\n\t\t\t\t\t<\/div>\n\t\t\t\t<\/div>\n\t\t<div class=\"elementor-element elementor-element-0bfb9e9 e-flex e-con-boxed e-con e-child\" data-id=\"0bfb9e9\" data-element_type=\"container\" data-e-type=\"container\">\n\t\t\t\t\t<div class=\"e-con-inner\">\n\t\t<div class=\"elementor-element elementor-element-97883de e-con-full e-flex e-con e-child\" data-id=\"97883de\" data-element_type=\"container\" data-e-type=\"container\">\n\t\t\t\t<div class=\"elementor-element elementor-element-7ed0ec7 elementor-widget elementor-widget-image\" data-id=\"7ed0ec7\" data-element_type=\"widget\" data-e-type=\"widget\" data-widget_type=\"image.default\">\n\t\t\t\t<div class=\"elementor-widget-container\">\n\t\t\t\t\t\t\t\t\t\t\t\t\t\t\t\t<a href=\"https:\/\/mysacredyonimassage.com\/de\/\" target=\"_blank\">\n\t\t\t\t\t\t\t<img loading=\"lazy\" decoding=\"async\" width=\"640\" height=\"426\" src=\"https:\/\/mysacredyonimassage.com\/wp-content\/uploads\/2023\/11\/Sacred.jpg\" class=\"attachment-large size-large wp-image-222206\" alt=\"\" srcset=\"https:\/\/mysacredyonimassage.com\/wp-content\/uploads\/2023\/11\/Sacred.jpg 640w, https:\/\/mysacredyonimassage.com\/wp-content\/uploads\/2023\/11\/Sacred-600x399.jpg 600w, https:\/\/mysacredyonimassage.com\/wp-content\/uploads\/2023\/11\/Sacred-300x200.jpg 300w\" sizes=\"(max-width: 640px) 100vw, 640px\">\t\t\t\t\t\t\t\t<\/a>\n\t\t\t\t\t\t\t\t\t\t\t\t\t\t\t<\/div>\n\t\t\t\t<\/div>\n\t\t\t\t<div class=\"elementor-element elementor-element-424b6fa elementor-widget elementor-widget-heading\" data-id=\"424b6fa\" data-element_type=\"widget\" data-e-type=\"widget\" data-widget_type=\"heading.default\">\n\t\t\t\t<div class=\"elementor-widget-container\">\n\t\t\t\t\t<h4 class=\"elementor-heading-title elementor-size-default\"><a href=\"https:\/\/mysacredyonimassage.com\/de\/\" target=\"_blank\">ONLINE-KURS - HEILIGE YONI-MASSAGE<\/a><\/h4>\t\t\t\t<\/div>\n\t\t\t\t<\/div>\n\t\t\t\t<\/div>\n\t\t\t\t\t<\/div>\n\t\t\t\t<\/div>\n\t\t<div class=\"elementor-element elementor-element-cfb6d7e e-flex e-con-boxed e-con e-child\" data-id=\"cfb6d7e\" data-element_type=\"container\" data-e-type=\"container\">\n\t\t\t\t\t<div class=\"e-con-inner\">\n\t\t<div class=\"elementor-element elementor-element-0de6f10 e-con-full e-flex e-con e-child\" data-id=\"0de6f10\" data-element_type=\"container\" data-e-type=\"container\">\n\t\t\t\t<div class=\"elementor-element elementor-element-65ab6f4 elementor-widget elementor-widget-image\" data-id=\"65ab6f4\" data-element_type=\"widget\" data-e-type=\"widget\" data-widget_type=\"image.default\">\n\t\t\t\t<div class=\"elementor-widget-container\">\n\t\t\t\t\t\t\t\t\t\t\t\t\t\t\t\t<a href=\"https:\/\/www.youtube.com\/channel\/UCm9ipkAzf2Oe8hmwhcmeMFw\" target=\"_blank\" rel=\"nofollow noopener\">\n\t\t\t\t\t\t\t<img loading=\"lazy\" decoding=\"async\" width=\"640\" height=\"426\" src=\"https:\/\/mysacredyonimassage.com\/wp-content\/uploads\/2023\/11\/Youtube.jpg\" class=\"attachment-large size-large wp-image-222205\" alt=\"\" srcset=\"https:\/\/mysacredyonimassage.com\/wp-content\/uploads\/2023\/11\/Youtube.jpg 640w, https:\/\/mysacredyonimassage.com\/wp-content\/uploads\/2023\/11\/Youtube-600x399.jpg 600w, https:\/\/mysacredyonimassage.com\/wp-content\/uploads\/2023\/11\/Youtube-300x200.jpg 300w\" sizes=\"(max-width: 640px) 100vw, 640px\">\t\t\t\t\t\t\t\t<\/a>\n\t\t\t\t\t\t\t\t\t\t\t\t\t\t\t<\/div>\n\t\t\t\t<\/div>\n\t\t\t\t<div class=\"elementor-element elementor-element-2f8ebc8 elementor-widget elementor-widget-heading\" data-id=\"2f8ebc8\" data-element_type=\"widget\" data-e-type=\"widget\" data-widget_type=\"heading.default\">\n\t\t\t\t<div class=\"elementor-widget-container\">\n\t\t\t\t\t<h4 class=\"elementor-heading-title elementor-size-default\"><a href=\"https:\/\/www.youtube.com\/channel\/UCm9ipkAzf2Oe8hmwhcmeMFw\" target=\"_blank\" rel=\"nofollow noopener\">MEIN YOUTUBE KANAL - SURIYAS GEHEIMNISSE<\/a><\/h4>\t\t\t\t<\/div>\n\t\t\t\t<\/div>\n\t\t\t\t<\/div>\n\t\t\t\t\t<\/div>\n\t\t\t\t<\/div>\n\t\t\t\t\t<\/div>\n\t\t\t\t<\/div>\n\t\t<div class=\"elementor-element elementor-element-44d4619 e-flex e-con-boxed e-con e-parent\" data-id=\"44d4619\" data-element_type=\"container\" data-e-type=\"container\">\n\t\t\t\t\t<div class=\"e-con-inner\">\n\t\t<div class=\"elementor-element elementor-element-bf884b4 e-flex e-con-boxed e-con e-child\" data-id=\"bf884b4\" data-element_type=\"container\" data-e-type=\"container\">\n\t\t\t\t\t<div class=\"e-con-inner\">\n\t\t<div class=\"elementor-element elementor-element-583b494 e-con-full e-flex e-con e-child\" data-id=\"583b494\" data-element_type=\"container\" data-e-type=\"container\">\n\t\t\t\t<div class=\"elementor-element elementor-element-d4d9c26 elementor-widget elementor-widget-image\" data-id=\"d4d9c26\" data-element_type=\"widget\" data-e-type=\"widget\" data-widget_type=\"image.default\">\n\t\t\t\t<div class=\"elementor-widget-container\">\n\t\t\t\t\t\t\t\t\t\t\t\t\t\t\t\t<a href=\"https:\/\/www.youtube.com\/watch?v=A-DVVdq1wcE&#038;ab_channel=LeenS\" target=\"_blank\" rel=\"nofollow noopener\">\n\t\t\t\t\t\t\t<img loading=\"lazy\" decoding=\"async\" width=\"1024\" height=\"576\" src=\"https:\/\/mysacredyonimassage.com\/wp-content\/uploads\/2023\/11\/A-DVVdq1wcE-HD-1024x576.jpg\" class=\"attachment-large size-large wp-image-222210\" alt=\"\" srcset=\"https:\/\/mysacredyonimassage.com\/wp-content\/uploads\/2023\/11\/A-DVVdq1wcE-HD-1024x576.jpg 1024w, https:\/\/mysacredyonimassage.com\/wp-content\/uploads\/2023\/11\/A-DVVdq1wcE-HD-600x338.jpg 600w, https:\/\/mysacredyonimassage.com\/wp-content\/uploads\/2023\/11\/A-DVVdq1wcE-HD-300x169.jpg 300w, https:\/\/mysacredyonimassage.com\/wp-content\/uploads\/2023\/11\/A-DVVdq1wcE-HD-768x432.jpg 768w, https:\/\/mysacredyonimassage.com\/wp-content\/uploads\/2023\/11\/A-DVVdq1wcE-HD.jpg 1280w\" sizes=\"(max-width: 1024px) 100vw, 1024px\">\t\t\t\t\t\t\t\t<\/a>\n\t\t\t\t\t\t\t\t\t\t\t\t\t\t\t<\/div>\n\t\t\t\t<\/div>\n\t\t\t\t<div class=\"elementor-element elementor-element-490d418 elementor-widget elementor-widget-heading\" data-id=\"490d418\" data-element_type=\"widget\" data-e-type=\"widget\" data-widget_type=\"heading.default\">\n\t\t\t\t<div class=\"elementor-widget-container\">\n\t\t\t\t\t<h4 class=\"elementor-heading-title elementor-size-default\"><a href=\"https:\/\/www.youtube.com\/watch?v=A-DVVdq1wcE&#038;ab_channel=LeenS\" target=\"_blank\" rel=\"nofollow noopener\">VOM VAGINALSCHMERZ ZUM VAGINALORGASMUS - PODCAST MIT LEEN<\/a><\/h4>\t\t\t\t<\/div>\n\t\t\t\t<\/div>\n\t\t\t\t<\/div>\n\t\t\t\t\t<\/div>\n\t\t\t\t<\/div>\n\t\t<div class=\"elementor-element elementor-element-09ea9f2 e-flex e-con-boxed e-con e-child\" data-id=\"09ea9f2\" data-element_type=\"container\" data-e-type=\"container\">\n\t\t\t\t\t<div class=\"e-con-inner\">\n\t\t<div class=\"elementor-element elementor-element-b3946e7 e-con-full e-flex e-con e-child\" data-id=\"b3946e7\" data-element_type=\"container\" data-e-type=\"container\">\n\t\t\t\t<div class=\"elementor-element elementor-element-c3c48e1 elementor-widget elementor-widget-image\" data-id=\"c3c48e1\" data-element_type=\"widget\" data-e-type=\"widget\" data-widget_type=\"image.default\">\n\t\t\t\t<div class=\"elementor-widget-container\">\n\t\t\t\t\t\t\t\t\t\t\t\t\t\t\t\t<a href=\"https:\/\/youtu.be\/Lfc2FhGoU_E?si=Uzgyz4YUjRZ3S220\" target=\"_blank\" rel=\"nofollow noopener\">\n\t\t\t\t\t\t\t<img loading=\"lazy\" decoding=\"async\" width=\"1024\" height=\"576\" src=\"https:\/\/mysacredyonimassage.com\/wp-content\/uploads\/2023\/11\/Lfc2FhGoU_E-HD-1024x576.jpg\" class=\"attachment-large size-large wp-image-222208\" alt=\"\" srcset=\"https:\/\/mysacredyonimassage.com\/wp-content\/uploads\/2023\/11\/Lfc2FhGoU_E-HD-1024x576.jpg 1024w, https:\/\/mysacredyonimassage.com\/wp-content\/uploads\/2023\/11\/Lfc2FhGoU_E-HD-600x338.jpg 600w, https:\/\/mysacredyonimassage.com\/wp-content\/uploads\/2023\/11\/Lfc2FhGoU_E-HD-300x169.jpg 300w, https:\/\/mysacredyonimassage.com\/wp-content\/uploads\/2023\/11\/Lfc2FhGoU_E-HD-768x432.jpg 768w, https:\/\/mysacredyonimassage.com\/wp-content\/uploads\/2023\/11\/Lfc2FhGoU_E-HD.jpg 1280w\" sizes=\"(max-width: 1024px) 100vw, 1024px\">\t\t\t\t\t\t\t\t<\/a>\n\t\t\t\t\t\t\t\t\t\t\t\t\t\t\t<\/div>\n\t\t\t\t<\/div>\n\t\t\t\t<div class=\"elementor-element elementor-element-71d65a0 elementor-widget elementor-widget-heading\" data-id=\"71d65a0\" data-element_type=\"widget\" data-e-type=\"widget\" data-widget_type=\"heading.default\">\n\t\t\t\t<div class=\"elementor-widget-container\">\n\t\t\t\t\t<h4 class=\"elementor-heading-title elementor-size-default\"><a href=\"https:\/\/youtu.be\/Lfc2FhGoU_E?si=Uzgyz4YUjRZ3S220\" target=\"_blank\" rel=\"nofollow noopener\">SO KOMMST DU ZUM HOEHEPUNKT - PODCAST MIT NHUNG<\/a><\/h4>\t\t\t\t<\/div>\n\t\t\t\t<\/div>\n\t\t\t\t<\/div>\n\t\t\t\t\t<\/div>\n\t\t\t\t<\/div>\n\t\t<div class=\"elementor-element elementor-element-7f946c8 e-flex e-con-boxed e-con e-child\" data-id=\"7f946c8\" data-element_type=\"container\" data-e-type=\"container\">\n\t\t\t\t\t<div class=\"e-con-inner\">\n\t\t\t\t\t<\/div>\n\t\t\t\t<\/div>\n\t\t\t\t\t<\/div>\n\t\t\t\t<\/div>\n\t\t\t\t<\/div>\n\t\t","protected":false},"excerpt":{"rendered":"<p>Links ZEREMONIE DER HEILIGEN WEIBLICHEN BER\u00dcHRUNG MEINEN NEWSLETTER ABONNIEREN ENTDECKEN SIE VAGINALE ORGASMEN MIT RINA MEIN BUCH &#8211; AUFBL\u00dcHEN ZUR GL\u00dcCKSELIGKEIT ONLINE-KURS &#8211; HEILIGE YONI-MASSAGE MEIN YOUTUBE KANAL &#8211; SURIYAS GEHEIMNISSE VOM VAGINALSCHMERZ ZUM VAGINALORGASMUS &#8211; PODCAST MIT LEEN SO KOMMST DU ZUM HOEHEPUNKT &#8211; PODCAST MIT NHUNG<\/p>\n","protected":false},"author":2,"featured_media":0,"parent":0,"menu_order":0,"comment_status":"closed","ping_status":"closed","template":"","meta":{"site-sidebar-layout":"no-sidebar","site-content-layout":"","ast-site-content-layout":"full-width-container","site-content-style":"default","site-sidebar-style":"default","ast-global-header-display":"","ast-banner-title-visibility":"","ast-main-header-display":"","ast-hfb-above-header-display":"","ast-hfb-below-header-display":"","ast-hfb-mobile-header-display":"","site-post-title":"disabled","ast-breadcrumbs-content":"","ast-featured-img":"disabled","footer-sml-layout":"","ast-disable-related-posts":"","theme-transparent-header-meta":"","adv-header-id-meta":"","stick-header-meta":"","header-above-stick-meta":"","header-main-stick-meta":"","header-below-stick-meta":"","astra-migrate-meta-layouts":"default","ast-page-background-enabled":"default","ast-page-background-meta":{"desktop":{"background-color":"var(--ast-global-color-4)","background-image":"","background-repeat":"repeat","background-position":"center center","background-size":"auto","background-attachment":"scroll","background-type":"","background-media":"","overlay-type":"","overlay-color":"","overlay-opacity":"","overlay-gradient":""},"tablet":{"background-color":"","background-image":"","background-repeat":"repeat","background-position":"center center","background-size":"auto","background-attachment":"scroll","background-type":"","background-media":"","overlay-type":"","overlay-color":"","overlay-opacity":"","overlay-gradient":""},"mobile":{"background-color":"","background-image":"","background-repeat":"repeat","background-position":"center center","background-size":"auto","background-attachment":"scroll","background-type":"","background-media":"","overlay-type":"","overlay-color":"","overlay-opacity":"","overlay-gradient":""}},"ast-content-background-meta":{"desktop":{"background-color":"var(--ast-global-color-5)","background-image":"","background-repeat":"repeat","background-position":"center center","background-size":"auto","background-attachment":"scroll","background-type":"","background-media":"","overlay-type":"","overlay-color":"","overlay-opacity":"","overlay-gradient":""},"tablet":{"background-color":"var(--ast-global-color-5)","background-image":"","background-repeat":"repeat","background-position":"center center","background-size":"auto","background-attachment":"scroll","background-type":"","background-media":"","overlay-type":"","overlay-color":"","overlay-opacity":"","overlay-gradient":""},"mobile":{"background-color":"var(--ast-global-color-5)","background-image":"","background-repeat":"repeat","background-position":"center center","background-size":"auto","background-attachment":"scroll","background-type":"","background-media":"","overlay-type":"","overlay-color":"","overlay-opacity":"","overlay-gradient":""}},"footnotes":""},"class_list":["post-222217","page","type-page","status-publish","hentry"],"_links":{"self":[{"href":"https:\/\/mysacredyonimassage.com\/de\/wp-json\/wp\/v2\/pages\/222217","targetHints":{"allow":["GET"]}}],"collection":[{"href":"https:\/\/mysacredyonimassage.com\/de\/wp-json\/wp\/v2\/pages"}],"about":[{"href":"https:\/\/mysacredyonimassage.com\/de\/wp-json\/wp\/v2\/types\/page"}],"author":[{"embeddable":true,"href":"https:\/\/mysacredyonimassage.com\/de\/wp-json\/wp\/v2\/users\/2"}],"replies":[{"embeddable":true,"href":"https:\/\/mysacredyonimassage.com\/de\/wp-json\/wp\/v2\/comments?post=222217"}],"version-history":[{"count":7,"href":"https:\/\/mysacredyonimassage.com\/de\/wp-json\/wp\/v2\/pages\/222217\/revisions"}],"predecessor-version":[{"id":234423,"href":"https:\/\/mysacredyonimassage.com\/de\/wp-json\/wp\/v2\/pages\/222217\/revisions\/234423"}],"wp:attachment":[{"href":"https:\/\/mysacredyonimassage.com\/de\/wp-json\/wp\/v2\/media?parent=222217"}],"curies":[{"name":"wp","href":"https:\/\/api.w.org\/{rel}","templated":true}]}}